{"id":982,"date":"2020-04-20T03:28:52","date_gmt":"2020-04-20T01:28:52","guid":{"rendered":"https:\/\/www.kpmv.se\/?page_id=982"},"modified":"2020-04-20T03:30:40","modified_gmt":"2020-04-20T01:30:40","slug":"svejsning","status":"publish","type":"page","link":"https:\/\/www.kpmv.se\/da\/svejsning\/","title":{"rendered":"SVEJSNING"},"content":{"rendered":"\n<div class=\"redback\" align=\"center\">\n<img decoding=\"async\" src=\"https:\/\/www.kpmv.se\/wp-content\/uploads\/MG_3839.png\" alt=\"\" class=\"alignnone size-full wp-image-186\" width=\"100%\" srcset=\"https:\/\/www.kpmv.se\/wp-content\/uploads\/MG_3839.png 1200w, https:\/\/www.kpmv.se\/wp-content\/uploads\/MG_3839-300x200.png 300w, https:\/\/www.kpmv.se\/wp-content\/uploads\/MG_3839-768x512.png 768w, https:\/\/www.kpmv.se\/wp-content\/uploads\/MG_3839-1024x683.png 1024w\" sizes=\"(max-width: 1200px) 100vw, 1200px\" \/>\n\n<\/div>\n<div class=\"cell2\" align=\"center\">\n<div class=\"cell3\" align=\"left\">\n\n\n\n<p>Vi bruger ESAB Svejseudstyr p\u00e5 alle vores svejsestationer. Vores svejseudstyr er Caddy Tig 2200i og Origo Tig 3000i monteret p\u00e5 vogne med k\u00f8ling.<\/p>\n\n\n\n<div align=\"center\">\n<img loading=\"lazy\" decoding=\"async\" class=\"alignnone size-full wp-image-252\" src=\"https:\/\/www.kpmv.se\/wp-content\/uploads\/svets.png\" alt=\"\" width=\"600\" height=\"365\" srcset=\"https:\/\/www.kpmv.se\/wp-content\/uploads\/svets.png 600w, https:\/\/www.kpmv.se\/wp-content\/uploads\/svets-300x183.png 300w\" sizes=\"auto, (max-width: 600px) 100vw, 600px\" \/><\/div>\n<\/div>\n<\/div>\n\n\n\n<div align=\"center\" class=\"buspace\">\n\n\n\n<div class=\"wp-block-button aligncenter onlymobile\"><a class=\"wp-block-button__link has-background has-very-light-gray-background-color\" href=\"https:\/\/kpmv.se\/da\"><strong>TILBAGE<\/strong><\/a><\/div>\n\n\n\n<\/div>\n","protected":false},"excerpt":{"rendered":"<p>Vi bruger ESAB Svejseudstyr p\u00e5 alle vores svejsestationer. Vores svejseudstyr er Caddy Tig 2200i og Origo Tig 3000i monteret p\u00e5 vogne med k\u00f8ling.<\/p>\n","protected":false},"author":1,"featured_media":0,"parent":0,"menu_order":0,"comment_status":"closed","ping_status":"closed","template":"","meta":{"footnotes":""},"class_list":["post-982","page","type-page","status-publish","hentry"],"_links":{"self":[{"href":"https:\/\/www.kpmv.se\/da\/wp-json\/wp\/v2\/pages\/982","targetHints":{"allow":["GET"]}}],"collection":[{"href":"https:\/\/www.kpmv.se\/da\/wp-json\/wp\/v2\/pages"}],"about":[{"href":"https:\/\/www.kpmv.se\/da\/wp-json\/wp\/v2\/types\/page"}],"author":[{"embeddable":true,"href":"https:\/\/www.kpmv.se\/da\/wp-json\/wp\/v2\/users\/1"}],"replies":[{"embeddable":true,"href":"https:\/\/www.kpmv.se\/da\/wp-json\/wp\/v2\/comments?post=982"}],"version-history":[{"count":2,"href":"https:\/\/www.kpmv.se\/da\/wp-json\/wp\/v2\/pages\/982\/revisions"}],"predecessor-version":[{"id":985,"href":"https:\/\/www.kpmv.se\/da\/wp-json\/wp\/v2\/pages\/982\/revisions\/985"}],"wp:attachment":[{"href":"https:\/\/www.kpmv.se\/da\/wp-json\/wp\/v2\/media?parent=982"}],"curies":[{"name":"wp","href":"https:\/\/api.w.org\/{rel}","templated":true}]}}